{"id":96,"date":"2021-05-04T06:25:30","date_gmt":"2021-05-04T06:25:30","guid":{"rendered":"https:\/\/www.bjorn-meijer.nl\/?page_id=96"},"modified":"2021-10-11T15:13:55","modified_gmt":"2021-10-11T15:13:55","slug":"4-20-ma-calculator","status":"publish","type":"page","link":"https:\/\/www.bjorn-meijer.nl\/de\/4-20-ma-rechner\/","title":{"rendered":"4-20 mA Rechner"},"content":{"rendered":"<p>Ein 4-20-mA-Signal kann verwendet werden, um eine Temperatur, einen Druck oder eine andere physikalische Gr\u00f6\u00dfe zu \u00fcbertragen. Das 4-20 mA Signal repr\u00e4sentiert die physikalische Gr\u00f6\u00dfe.<\/p>\n\n\n\n<p>Beispiel:<br>Wenn ein 4-20-mA-Temperaturtransmitter einen Bereich von 0 bis 100 \u00b0C hat und eine Temperatur von 20 Grad gemessen wird, flie\u00dft ein Strom von 7,2 mA.<\/p>\n\n\n\n<p>Die Menge bei einem bestimmten Strom kann mit dem 4-20mA-Rechner unten berechnet werden:<\/p>\n\n\n<div class=\"forminator-ui forminator-custom-form forminator-custom-form-95 forminator-design--default  forminator_ajax\" data-forminator-render=\"0\" data-form=\"forminator-module-95\" data-uid=\"69eb24e25a325\"><br\/><\/div><form\n\t\t\t\tid=\"forminator-module-95\"\n\t\t\t\tclass=\"forminator-ui forminator-custom-form forminator-custom-form-95 forminator-design--default  forminator_ajax\"\n\t\t\t\tmethod=\"post\"\n\t\t\t\tdata-forminator-render=\"0\"\n\t\t\t\tdata-form-id=\"95\"\n\t\t\t\t data-color-option=\"default\" data-design=\"default\" data-grid=\"open\" style=\"display: none;\"\n\t\t\t\tdata-uid=\"69eb24e25a325\"\n\t\t\t><div role=\"alert\" aria-live=\"polite\" class=\"forminator-response-message forminator-error\" aria-hidden=\"true\"><\/div><div class=\"forminator-row\"><div id=\"select-1\" class=\"forminator-field-select forminator-col forminator-col-6\"><div class=\"forminator-field\"><label for=\"forminator-form-95__field--select-1_69eb24e25a325\" id=\"forminator-form-95__field--select-1_69eb24e25a325-label\" class=\"forminator-label\">Messbereich<\/label><select  id=\"forminator-form-95__field--select-1_69eb24e25a325\" class=\"forminator-select--field forminator-select2 forminator-select2-multiple\" data-required=\"\" name=\"select-1\" data-default-value=\"4\" data-placeholder=\"\" data-search=\"false\" data-search-placeholder=\"\" data-checkbox=\"false\" data-allow-clear=\"false\" aria-labelledby=\"forminator-form-95__field--select-1_69eb24e25a325-label\"><option value=\"4\" selected=\"selected\" data-calculation=\"4\">4-20mA<\/option><option value=\"0\"  data-calculation=\"0\">0-20mA<\/option><\/select><\/div><\/div><div id=\"select-2\" class=\"forminator-field-select forminator-col forminator-col-6\"><div class=\"forminator-field\"><label for=\"forminator-form-95__field--select-2_69eb24e25a325\" id=\"forminator-form-95__field--select-2_69eb24e25a325-label\" class=\"forminator-label\">Ehrgeizig<\/label><select  id=\"forminator-form-95__field--select-2_69eb24e25a325\" class=\"forminator-select--field forminator-select2 forminator-select2-multiple\" data-required=\"\" name=\"select-2\" data-default-value=\"mbar\" data-placeholder=\"\" data-search=\"false\" data-search-placeholder=\"\" data-checkbox=\"false\" data-allow-clear=\"false\" aria-labelledby=\"forminator-form-95__field--select-2_69eb24e25a325-label\"><option value=\"mbar\" selected=\"selected\" data-calculation=\"0\">Druck (mbar)<\/option><option value=\"bar\"  data-calculation=\"0\">Druck (bar)<\/option><option value=\"mA\"  data-calculation=\"0\">Elektrischer Strom (mA)<\/option><option value=\"a\"  data-calculation=\"0\">Elektrischer Strom (A)<\/option><option value=\"Hz\"  data-calculation=\"0\">Frequenz (Hz)<\/option><option value=\"kHz\"  data-calculation=\"0\">Frequenz (kHz)<\/option><option value=\"MHz\"  data-calculation=\"0\">Frequenz (MHz)<\/option><option value=\"N\"  data-calculation=\"0\">Kraft (N)<\/option><option value=\"kN\"  data-calculation=\"0\">Kraft (kN)<\/option><option value=\"cm\"  data-calculation=\"0\">L\u00e4nge (cm)<\/option><option value=\"m\"  data-calculation=\"0\">L\u00e4nge (m)<\/option><option value=\"km\"  data-calculation=\"0\">L\u00e4nge (km)<\/option><option value=\"g\"  data-calculation=\"0\">Masse (g)<\/option><option value=\"kg\"  data-calculation=\"0\">Masse (kg)<\/option><option value=\"V\"  data-calculation=\"0\">Spannung (V)<\/option><option value=\"\u00baC\"  data-calculation=\"0\">Temperatur (\u00baC)<\/option><option value=\"K\"  data-calculation=\"0\">Temperatur (K)<\/option><option value=\"F\"  data-calculation=\"0\">Temperatur (F)<\/option><option value=\"s\"  data-calculation=\"0\">Mal)<\/option><option value=\"m\"  data-calculation=\"0\">Zeit (m)<\/option><option value=\"h\"  data-calculation=\"0\">Zeit (h)<\/option><\/select><\/div><\/div><\/div><div class=\"forminator-row\"><div id=\"calculation-3\" class=\"forminator-field-calculation forminator-col forminator-col-4\"><div class=\"forminator-field\"><label for=\"calculation-3-field_69eb24e25a325\" id=\"calculation-3-field_69eb24e25a325-label\" class=\"forminator-label\">Mindest. gemessener Wert<\/label><div class=\"forminator-input forminator-input-with-prefix\"><input type=\"text\" name=\"calculation-3\" value=\"\" id=\"calculation-3-field_69eb24e25a325\" class=\"forminator-calculation\" data-formula=\"{select-1}\" data-required=\"\" data-decimal-point=\".\" data-precision=\"2\" data-is-hidden=\"\" disabled=\"disabled\" data-decimals=\"2\" data-inputmask=\"&#039;groupSeparator&#039;: &#039;&#039;, &#039;radixPoint&#039;: &#039;.&#039;, &#039;digits&#039;: &#039;2&#039;\" \/><span class=\"forminator-suffix\">mA<\/span><\/div><\/div><\/div><div id=\"html-1\" class=\"forminator-field-html forminator-col forminator-col-4\"><div class=\"forminator-field forminator-merge-tags\" data-field=\"html-1\">\n<strong>\u2194<\/strong>\n<\/div><\/div><div id=\"number-1\" class=\"forminator-field-number forminator-col forminator-col-4\"><div class=\"forminator-field\"><label for=\"forminator-field-number-1_69eb24e25a325\" id=\"forminator-field-number-1_69eb24e25a325-label\" class=\"forminator-label\">Mindest. ehrgeizig<\/label><input name=\"number-1\" value=\"0\" placeholder=\"Z.B. 10\" id=\"forminator-field-number-1_69eb24e25a325\" class=\"forminator-input forminator-number--field\" inputmode=\"decimal\" data-required=\"\" data-decimals=\"2\" aria-required=\"false\" data-inputmask=\"&#039;groupSeparator&#039;: &#039;.&#039;, &#039;radixPoint&#039;: &#039;,&#039;, &#039;digits&#039;: &#039;2&#039;\" \/><\/div><\/div><\/div><div class=\"forminator-row\"><div id=\"calculation-1\" class=\"forminator-field-calculation forminator-col forminator-col-4\"><div class=\"forminator-field\"><label for=\"calculation-1-field_69eb24e25a325\" id=\"calculation-1-field_69eb24e25a325-label\" class=\"forminator-label\">max. gemessener Wert<\/label><div class=\"forminator-input forminator-input-with-prefix\"><input type=\"text\" name=\"calculation-1\" value=\"\" id=\"calculation-1-field_69eb24e25a325\" class=\"forminator-calculation\" data-formula=\"20.00*1\" data-required=\"\" data-decimal-point=\".\" data-precision=\"2\" data-is-hidden=\"\" disabled=\"disabled\" data-decimals=\"2\" data-inputmask=\"&#039;groupSeparator&#039;: &#039;&#039;, &#039;radixPoint&#039;: &#039;.&#039;, &#039;digits&#039;: &#039;2&#039;\" \/><span class=\"forminator-suffix\">mA<\/span><\/div><\/div><\/div><div id=\"html-2\" class=\"forminator-field-html forminator-col forminator-col-4\"><div class=\"forminator-field forminator-merge-tags\" data-field=\"html-2\">\n<strong>\u2194<\/strong>\n<\/div><\/div><div id=\"number-2\" class=\"forminator-field-number forminator-col forminator-col-4\"><div class=\"forminator-field\"><label for=\"forminator-field-number-2_69eb24e25a325\" id=\"forminator-field-number-2_69eb24e25a325-label\" class=\"forminator-label\">max. ehrgeizig<\/label><input name=\"number-2\" value=\"10\" placeholder=\"Z.B. 10\" id=\"forminator-field-number-2_69eb24e25a325\" class=\"forminator-input forminator-number--field\" inputmode=\"decimal\" data-required=\"\" data-decimals=\"2\" aria-required=\"false\" data-inputmask=\"&#039;groupSeparator&#039;: &#039;.&#039;, &#039;radixPoint&#039;: &#039;,&#039;, &#039;digits&#039;: &#039;2&#039;\" \/><\/div><\/div><\/div><div class=\"forminator-row\"><div id=\"currency-1\" class=\"forminator-field-currency forminator-col forminator-col-4  meetwaarde\"><div class=\"forminator-field\"><label for=\"forminator-field-currency-1_69eb24e25a325\" id=\"forminator-field-currency-1_69eb24e25a325-label\" class=\"forminator-label\">Gemessener Wert<\/label><div class=\"forminator-input-with-suffix\"><input name=\"currency-1\" value=\"4,00\" placeholder=\"Z.B. 10\" id=\"forminator-field-currency-1_69eb24e25a325\" class=\"forminator-input forminator-currency\" data-required=\"\" aria-required=\"\" data-decimals=\"2\" data-inputmask=\"&#039;groupSeparator&#039;: &#039;.&#039;, &#039;radixPoint&#039;: &#039;,&#039;, &#039;digits&#039;: &#039;2&#039;\" \/><span class=\"forminator-suffix\">USD<\/span><\/div><\/div><\/div><div id=\"html-3\" class=\"forminator-field-html forminator-col forminator-col-4\"><div class=\"forminator-field forminator-merge-tags\" data-field=\"html-3\">\n<strong>\u2194<\/strong>\n<\/div><\/div><div id=\"calculation-4\" class=\"forminator-field-calculation forminator-col forminator-col-4\"><div class=\"forminator-field\"><label for=\"calculation-4-field_69eb24e25a325\" id=\"calculation-4-field_69eb24e25a325-label\" class=\"forminator-label\">Ergebnis<\/label><input type=\"text\" name=\"calculation-4\" value=\"\" id=\"calculation-4-field_69eb24e25a325\" class=\"forminator-calculation forminator-input\" data-formula=\"{calculation-5}\/{calculation-6}*({currency-1}-{calculation-3})+{number-1}\" data-required=\"\" data-decimal-point=\".\" data-precision=\"2\" data-is-hidden=\"\" disabled=\"disabled\" data-decimals=\"2\" data-inputmask=\"&#039;groupSeparator&#039;: &#039;&#039;, &#039;radixPoint&#039;: &#039;.&#039;, &#039;digits&#039;: &#039;2&#039;\" \/><\/div><\/div><\/div><div class=\"forminator-row\"><div id=\"calculation-5\" class=\"forminator-field-calculation forminator-col forminator-col-6\"><div class=\"forminator-field\"><label for=\"calculation-5-field_69eb24e25a325\" id=\"calculation-5-field_69eb24e25a325-label\" class=\"forminator-label\">deltaP<\/label><input type=\"text\" name=\"calculation-5\" value=\"\" id=\"calculation-5-field_69eb24e25a325\" class=\"forminator-calculation forminator-input\" data-formula=\"{number-2}-{number-1}\" data-required=\"\" data-decimal-point=\".\" data-precision=\"2\" data-is-hidden=\"1\" disabled=\"disabled\" data-decimals=\"2\" data-inputmask=\"&#039;groupSeparator&#039;: &#039;&#039;, &#039;radixPoint&#039;: &#039;.&#039;, &#039;digits&#039;: &#039;2&#039;\" \/><\/div><\/div><div id=\"calculation-6\" class=\"forminator-field-calculation forminator-col forminator-col-6\"><div class=\"forminator-field\"><label for=\"calculation-6-field_69eb24e25a325\" id=\"calculation-6-field_69eb24e25a325-label\" class=\"forminator-label\">deltaI<\/label><input type=\"text\" name=\"calculation-6\" value=\"\" id=\"calculation-6-field_69eb24e25a325\" class=\"forminator-calculation forminator-input\" data-formula=\"{calculation-1}-{calculation-3}\" data-required=\"\" data-decimal-point=\".\" data-precision=\"2\" data-is-hidden=\"1\" disabled=\"disabled\" data-decimals=\"2\" data-inputmask=\"&#039;groupSeparator&#039;: &#039;&#039;, &#039;radixPoint&#039;: &#039;.&#039;, &#039;digits&#039;: &#039;2&#039;\" \/><\/div><\/div><\/div><input type=\"hidden\" name=\"referer_url\" value=\"\" \/><div class=\"forminator-row forminator-row-last\"><div class=\"forminator-col\"><div class=\"forminator-field\"><button class=\"forminator-button forminator-button-submit\">Nachricht gesendet<\/button><\/div><\/div><\/div><input type=\"hidden\" id=\"forminator_nonce\" name=\"forminator_nonce\" value=\"539d516dff\" \/><input type=\"hidden\" name=\"_wp_http_referer\" value=\"\/de\/wp-json\/wp\/v2\/pages\/96\" \/><input type=\"hidden\" name=\"form_id\" value=\"95\"><input type=\"hidden\" name=\"page_id\" value=\"96\"><input type=\"hidden\" name=\"form_type\" value=\"default\"><input type=\"hidden\" name=\"current_url\" value=\"https:\/\/www.bjorn-meijer.nl\/de\/4-20-ma-rechner\/\"><input type=\"hidden\" name=\"render_id\" value=\"0\"><input type=\"hidden\" name=\"action\" value=\"forminator_submit_form_custom-forms\"><input type=\"hidden\" name=\"trp-form-language\" value=\"de\"\/><\/form>","protected":false},"excerpt":{"rendered":"<p>Ein 4-20-mA-Signal kann zur \u00dcbertragung einer Temperatur, eines Drucks oder einer anderen physikalischen Gr\u00f6\u00dfe verwendet werden. Die 4-20\u2026 <a class=\"read-more\" href=\"https:\/\/www.bjorn-meijer.nl\/de\/4-20-ma-rechner\/\">Weiterlesen<\/a><\/p>","protected":false},"author":1,"featured_media":0,"parent":0,"menu_order":0,"comment_status":"open","ping_status":"closed","template":"","meta":{"footnotes":""},"class_list":["post-96","page","type-page","status-publish","hentry"],"yoast_head":"<!-- This site is optimized with the Yoast SEO Premium plugin v20.11 (Yoast SEO v23.5) - https:\/\/yoast.com\/wordpress\/plugins\/seo\/ -->\n<title>4-20 mA calculator - Bj\u00f6rn Meijer<\/title>\n<meta name=\"robots\" content=\"index, follow, max-snippet:-1, max-image-preview:large, max-video-preview:-1\" \/>\n<link rel=\"canonical\" href=\"https:\/\/www.bjorn-meijer.nl\/de\/4-20-ma-rechner\/\" \/>\n<meta property=\"og:locale\" content=\"de_DE\" \/>\n<meta property=\"og:type\" content=\"article\" \/>\n<meta property=\"og:title\" content=\"4-20 mA calculator\" \/>\n<meta property=\"og:description\" content=\"Een 4-20 mA signaal kan gebruikt worden voor het doorgeven van een temperatuur, druk of andere fysieke grootheid. Het 4-20 mA signaal representeert\" \/>\n<meta property=\"og:url\" content=\"https:\/\/www.bjorn-meijer.nl\/de\/4-20-ma-rechner\/\" \/>\n<meta property=\"og:site_name\" content=\"Bj\u00f6rn Meijer\" \/>\n<meta property=\"article:modified_time\" content=\"2021-10-11T15:13:55+00:00\" \/>\n<meta name=\"twitter:card\" content=\"summary_large_image\" \/>\n<meta name=\"twitter:label1\" content=\"Gesch\u00e4tzte Lesezeit\" \/>\n\t<meta name=\"twitter:data1\" content=\"1\u00a0Minute\" \/>\n<script type=\"application\/ld+json\" class=\"yoast-schema-graph\">{\"@context\":\"https:\/\/schema.org\",\"@graph\":[{\"@type\":\"WebPage\",\"@id\":\"https:\/\/www.bjorn-meijer.nl\/de\/4-20-ma-rechner\/\",\"url\":\"https:\/\/www.bjorn-meijer.nl\/de\/4-20-ma-rechner\/\",\"name\":\"4-20 mA calculator - Bj\u00f6rn Meijer\",\"isPartOf\":{\"@id\":\"https:\/\/www.bjorn-meijer.nl\/de\/#website\"},\"datePublished\":\"2021-05-04T06:25:30+00:00\",\"dateModified\":\"2021-10-11T15:13:55+00:00\",\"breadcrumb\":{\"@id\":\"https:\/\/www.bjorn-meijer.nl\/de\/4-20-ma-rechner\/#breadcrumb\"},\"inLanguage\":\"de\",\"potentialAction\":[{\"@type\":\"ReadAction\",\"target\":[\"https:\/\/www.bjorn-meijer.nl\/de\/4-20-ma-rechner\/\"]}]},{\"@type\":\"BreadcrumbList\",\"@id\":\"https:\/\/www.bjorn-meijer.nl\/de\/4-20-ma-rechner\/#breadcrumb\",\"itemListElement\":[{\"@type\":\"ListItem\",\"position\":1,\"name\":\"Home\",\"item\":\"https:\/\/www.bjorn-meijer.nl\/de\/\"},{\"@type\":\"ListItem\",\"position\":2,\"name\":\"4-20 mA calculator\"}]},{\"@type\":\"WebSite\",\"@id\":\"https:\/\/www.bjorn-meijer.nl\/de\/#website\",\"url\":\"https:\/\/www.bjorn-meijer.nl\/de\/\",\"name\":\"Bj\u00f6rn Meijer\",\"description\":\"At My Playground\",\"publisher\":{\"@id\":\"https:\/\/www.bjorn-meijer.nl\/de\/#\/schema\/person\/3621be5a6ce9a9884a7b8b200cd52615\"},\"potentialAction\":[{\"@type\":\"SearchAction\",\"target\":{\"@type\":\"EntryPoint\",\"urlTemplate\":\"https:\/\/www.bjorn-meijer.nl\/de\/?s={search_term_string}\"},\"query-input\":{\"@type\":\"PropertyValueSpecification\",\"valueRequired\":true,\"valueName\":\"search_term_string\"}}],\"inLanguage\":\"de\"},{\"@type\":[\"Person\",\"Organization\"],\"@id\":\"https:\/\/www.bjorn-meijer.nl\/de\/#\/schema\/person\/3621be5a6ce9a9884a7b8b200cd52615\",\"name\":\"Bj\u00f6rn Meijer\",\"image\":{\"@type\":\"ImageObject\",\"inLanguage\":\"de\",\"@id\":\"https:\/\/www.bjorn-meijer.nl\/de\/#\/schema\/person\/image\/\",\"url\":\"https:\/\/i0.wp.com\/www.bjorn-meijer.nl\/wp-content\/uploads\/2021\/11\/logo-orange.png?fit=165%2C165&ssl=1\",\"contentUrl\":\"https:\/\/i0.wp.com\/www.bjorn-meijer.nl\/wp-content\/uploads\/2021\/11\/logo-orange.png?fit=165%2C165&ssl=1\",\"width\":165,\"height\":165,\"caption\":\"Bj\u00f6rn Meijer\"},\"logo\":{\"@id\":\"https:\/\/www.bjorn-meijer.nl\/de\/#\/schema\/person\/image\/\"},\"sameAs\":[\"https:\/\/www.bjorn-meijer.nl\"]}]}<\/script>\n<!-- \/ Yoast SEO Premium plugin. -->","yoast_head_json":{"title":"4-20 mA calculator - Bj\u00f6rn Meijer","robots":{"index":"index","follow":"follow","max-snippet":"max-snippet:-1","max-image-preview":"max-image-preview:large","max-video-preview":"max-video-preview:-1"},"canonical":"https:\/\/www.bjorn-meijer.nl\/de\/4-20-ma-rechner\/","og_locale":"de_DE","og_type":"article","og_title":"4-20 mA calculator","og_description":"Een 4-20 mA signaal kan gebruikt worden voor het doorgeven van een temperatuur, druk of andere fysieke grootheid. Het 4-20 mA signaal representeert","og_url":"https:\/\/www.bjorn-meijer.nl\/de\/4-20-ma-rechner\/","og_site_name":"Bj\u00f6rn Meijer","article_modified_time":"2021-10-11T15:13:55+00:00","twitter_card":"summary_large_image","twitter_misc":{"Gesch\u00e4tzte Lesezeit":"1\u00a0Minute"},"schema":{"@context":"https:\/\/schema.org","@graph":[{"@type":"WebPage","@id":"https:\/\/www.bjorn-meijer.nl\/de\/4-20-ma-rechner\/","url":"https:\/\/www.bjorn-meijer.nl\/de\/4-20-ma-rechner\/","name":"4-20 mA calculator - Bj\u00f6rn Meijer","isPartOf":{"@id":"https:\/\/www.bjorn-meijer.nl\/de\/#website"},"datePublished":"2021-05-04T06:25:30+00:00","dateModified":"2021-10-11T15:13:55+00:00","breadcrumb":{"@id":"https:\/\/www.bjorn-meijer.nl\/de\/4-20-ma-rechner\/#breadcrumb"},"inLanguage":"de","potentialAction":[{"@type":"ReadAction","target":["https:\/\/www.bjorn-meijer.nl\/de\/4-20-ma-rechner\/"]}]},{"@type":"BreadcrumbList","@id":"https:\/\/www.bjorn-meijer.nl\/de\/4-20-ma-rechner\/#breadcrumb","itemListElement":[{"@type":"ListItem","position":1,"name":"Home","item":"https:\/\/www.bjorn-meijer.nl\/de\/"},{"@type":"ListItem","position":2,"name":"4-20 mA calculator"}]},{"@type":"WebSite","@id":"https:\/\/www.bjorn-meijer.nl\/de\/#website","url":"https:\/\/www.bjorn-meijer.nl\/de\/","name":"Bj\u00f6rn Meijer","description":"At My Playground","publisher":{"@id":"https:\/\/www.bjorn-meijer.nl\/de\/#\/schema\/person\/3621be5a6ce9a9884a7b8b200cd52615"},"potentialAction":[{"@type":"SearchAction","target":{"@type":"EntryPoint","urlTemplate":"https:\/\/www.bjorn-meijer.nl\/de\/?s={search_term_string}"},"query-input":{"@type":"PropertyValueSpecification","valueRequired":true,"valueName":"search_term_string"}}],"inLanguage":"de"},{"@type":["Person","Organization"],"@id":"https:\/\/www.bjorn-meijer.nl\/de\/#\/schema\/person\/3621be5a6ce9a9884a7b8b200cd52615","name":"Bj\u00f6rn Meijer","image":{"@type":"ImageObject","inLanguage":"de","@id":"https:\/\/www.bjorn-meijer.nl\/de\/#\/schema\/person\/image\/","url":"https:\/\/i0.wp.com\/www.bjorn-meijer.nl\/wp-content\/uploads\/2021\/11\/logo-orange.png?fit=165%2C165&ssl=1","contentUrl":"https:\/\/i0.wp.com\/www.bjorn-meijer.nl\/wp-content\/uploads\/2021\/11\/logo-orange.png?fit=165%2C165&ssl=1","width":165,"height":165,"caption":"Bj\u00f6rn Meijer"},"logo":{"@id":"https:\/\/www.bjorn-meijer.nl\/de\/#\/schema\/person\/image\/"},"sameAs":["https:\/\/www.bjorn-meijer.nl"]}]}},"jetpack_sharing_enabled":true,"jetpack-related-posts":[],"jetpack_likes_enabled":true,"_links":{"self":[{"href":"https:\/\/www.bjorn-meijer.nl\/de\/wp-json\/wp\/v2\/pages\/96","targetHints":{"allow":["GET"]}}],"collection":[{"href":"https:\/\/www.bjorn-meijer.nl\/de\/wp-json\/wp\/v2\/pages"}],"about":[{"href":"https:\/\/www.bjorn-meijer.nl\/de\/wp-json\/wp\/v2\/types\/page"}],"author":[{"embeddable":true,"href":"https:\/\/www.bjorn-meijer.nl\/de\/wp-json\/wp\/v2\/users\/1"}],"replies":[{"embeddable":true,"href":"https:\/\/www.bjorn-meijer.nl\/de\/wp-json\/wp\/v2\/comments?post=96"}],"version-history":[{"count":6,"href":"https:\/\/www.bjorn-meijer.nl\/de\/wp-json\/wp\/v2\/pages\/96\/revisions"}],"predecessor-version":[{"id":379,"href":"https:\/\/www.bjorn-meijer.nl\/de\/wp-json\/wp\/v2\/pages\/96\/revisions\/379"}],"wp:attachment":[{"href":"https:\/\/www.bjorn-meijer.nl\/de\/wp-json\/wp\/v2\/media?parent=96"}],"curies":[{"name":"wp","href":"https:\/\/api.w.org\/{rel}","templated":true}]}}